{"id":745,"date":"2021-11-11T22:07:32","date_gmt":"2021-11-11T20:07:32","guid":{"rendered":"https:\/\/www.aitosiivous.fi\/?page_id=745"},"modified":"2022-02-12T17:45:03","modified_gmt":"2022-02-12T15:45:03","slug":"yrityksille","status":"publish","type":"page","link":"https:\/\/www.aitosiivous.fi\/index.php\/yrityksille\/","title":{"rendered":"Yrityksille"},"content":{"rendered":"\t\t<div data-elementor-type=\"wp-page\" data-elementor-id=\"745\" class=\"elementor elementor-745\">\n\t\t\t\t\t\t<section class=\"elementor-section elementor-top-section elementor-element elementor-element-2855751 elementor-section-stretched elementor-section-boxed elementor-section-height-default elementor-section-height-default\" data-id=\"2855751\" data-element_type=\"section\" data-settings=\"{&quot;stretch_section&quot;:&quot;section-stretched&quot;}\">\n\t\t\t\t\t\t\t<div class=\"elementor-background-overlay\"><\/div>\n\t\t\t\t\t\t\t<div class=\"elementor-container elementor-column-gap-default\">\n\t\t\t\t\t<div class=\"elementor-column elementor-col-100 elementor-top-column elementor-element elementor-element-785d297\" data-id=\"785d297\" data-element_type=\"column\">\n\t\t\t<div class=\"elementor-widget-wrap elementor-element-populated\">\n\t\t\t\t\t\t<div class=\"elementor-element elementor-element-c85e9f3 elementor-widget elementor-widget-heading\" data-id=\"c85e9f3\" data-element_type=\"widget\" data-widget_type=\"heading.default\">\n\t\t\t\t<div class=\"elementor-widget-container\">\n\t\t\t<h2 class=\"elementor-heading-title elementor-size-default\">Yrityksille ja taloyhti\u00f6ille<\/h2>\t\t<\/div>\n\t\t\t\t<\/div>\n\t\t\t\t\t<\/div>\n\t\t<\/div>\n\t\t\t\t\t<\/div>\n\t\t<\/section>\n\t\t\t\t<section class=\"elementor-section elementor-top-section elementor-element elementor-element-2806956 elementor-section-stretched elementor-section-boxed elementor-section-height-default elementor-section-height-default\" data-id=\"2806956\" data-element_type=\"section\" data-settings=\"{&quot;stretch_section&quot;:&quot;section-stretched&quot;}\">\n\t\t\t\t\t\t<div class=\"elementor-container elementor-column-gap-default\">\n\t\t\t\t\t<div class=\"elementor-column elementor-col-50 elementor-top-column elementor-element elementor-element-dbdf1fa\" data-id=\"dbdf1fa\" data-element_type=\"column\">\n\t\t\t<div class=\"elementor-widget-wrap elementor-element-populated\">\n\t\t\t\t\t\t<div class=\"elementor-element elementor-element-c75d886 elementor-widget elementor-widget-heading\" data-id=\"c75d886\" data-element_type=\"widget\" data-widget_type=\"heading.default\">\n\t\t\t\t<div class=\"elementor-widget-container\">\n\t\t\t<h4 class=\"elementor-heading-title elementor-size-default\">Palvelut<\/h4>\t\t<\/div>\n\t\t\t\t<\/div>\n\t\t\t\t<div class=\"elementor-element elementor-element-926bd51 elementor-widget elementor-widget-text-editor\" data-id=\"926bd51\" data-element_type=\"widget\" data-widget_type=\"text-editor.default\">\n\t\t\t\t<div class=\"elementor-widget-container\">\n\t\t\t\t\t\t\t<ul><li>Loppusiivoukset<\/li><li>Porrassiivous<\/li><li>Toimistosiivous<\/li><li>Ikkunanpesut<\/li><\/ul><p>Palvelun sis\u00e4lt\u00f6 r\u00e4\u00e4t\u00e4l\u00f6id\u00e4\u00e4n yksil\u00f6llisesti asiakkaan toiveiden mukaan.<\/p><p>Esimerkki toimistosiivouksen sis\u00e4ll\u00f6st\u00e4:<\/p>\t\t\t\t\t\t<\/div>\n\t\t\t\t<\/div>\n\t\t\t\t<div class=\"elementor-element elementor-element-6775086 elementor-widget elementor-widget-toggle\" data-id=\"6775086\" data-element_type=\"widget\" data-widget_type=\"toggle.default\">\n\t\t\t\t<div class=\"elementor-widget-container\">\n\t\t\t\t\t<div class=\"elementor-toggle\">\n\t\t\t\t\t\t\t<div class=\"elementor-toggle-item\">\n\t\t\t\t\t<div id=\"elementor-tab-title-1081\" class=\"elementor-tab-title\" data-tab=\"1\" role=\"button\" aria-controls=\"elementor-tab-content-1081\" aria-expanded=\"false\">\n\t\t\t\t\t\t\t\t\t\t\t\t<span class=\"elementor-toggle-icon elementor-toggle-icon-left\" aria-hidden=\"true\">\n\t\t\t\t\t\t\t\t\t\t\t\t\t\t\t<span class=\"elementor-toggle-icon-closed\"><i class=\"fas fa-caret-down\"><\/i><\/span>\n\t\t\t\t\t\t\t\t<span class=\"elementor-toggle-icon-opened\"><i class=\"elementor-toggle-icon-opened fas fa-caret-up\"><\/i><\/span>\n\t\t\t\t\t\t\t\t\t\t\t\t\t<\/span>\n\t\t\t\t\t\t\t\t\t\t\t\t<a class=\"elementor-toggle-title\" tabindex=\"0\">Yleiset tilat<\/a>\n\t\t\t\t\t<\/div>\n\n\t\t\t\t\t<div id=\"elementor-tab-content-1081\" class=\"elementor-tab-content elementor-clearfix\" data-tab=\"1\" role=\"region\" aria-labelledby=\"elementor-tab-title-1081\"><ul><li>lattioiden ja mattojen imurointi sek\u00e4 lattioiden pesu<\/li><li>p\u00f6lyjen pyyhint\u00e4<\/li><li>ovien, kahvojen ja valokatkaisijoiden pyyhint\u00e4<\/li><li>roska-astioiden tyhjennys<\/li><\/ul><\/div>\n\t\t\t\t<\/div>\n\t\t\t\t\t\t\t<div class=\"elementor-toggle-item\">\n\t\t\t\t\t<div id=\"elementor-tab-title-1082\" class=\"elementor-tab-title\" data-tab=\"2\" role=\"button\" aria-controls=\"elementor-tab-content-1082\" aria-expanded=\"false\">\n\t\t\t\t\t\t\t\t\t\t\t\t<span class=\"elementor-toggle-icon elementor-toggle-icon-left\" aria-hidden=\"true\">\n\t\t\t\t\t\t\t\t\t\t\t\t\t\t\t<span class=\"elementor-toggle-icon-closed\"><i class=\"fas fa-caret-down\"><\/i><\/span>\n\t\t\t\t\t\t\t\t<span class=\"elementor-toggle-icon-opened\"><i class=\"elementor-toggle-icon-opened fas fa-caret-up\"><\/i><\/span>\n\t\t\t\t\t\t\t\t\t\t\t\t\t<\/span>\n\t\t\t\t\t\t\t\t\t\t\t\t<a class=\"elementor-toggle-title\" tabindex=\"0\">Wc-tilat<\/a>\n\t\t\t\t\t<\/div>\n\n\t\t\t\t\t<div id=\"elementor-tab-content-1082\" class=\"elementor-tab-content elementor-clearfix\" data-tab=\"2\" role=\"region\" aria-labelledby=\"elementor-tab-title-1082\"><ul><li>lattian imurointi ja pesu<\/li><li>peilien pyyhint\u00e4<\/li><li>wc-istuimen pesu ja pyyhint\u00e4<\/li><li>altaan ja hanan pesu<\/li><\/ul><\/div>\n\t\t\t\t<\/div>\n\t\t\t\t\t\t\t<div class=\"elementor-toggle-item\">\n\t\t\t\t\t<div id=\"elementor-tab-title-1083\" class=\"elementor-tab-title\" data-tab=\"3\" role=\"button\" aria-controls=\"elementor-tab-content-1083\" aria-expanded=\"false\">\n\t\t\t\t\t\t\t\t\t\t\t\t<span class=\"elementor-toggle-icon elementor-toggle-icon-left\" aria-hidden=\"true\">\n\t\t\t\t\t\t\t\t\t\t\t\t\t\t\t<span class=\"elementor-toggle-icon-closed\"><i class=\"fas fa-caret-down\"><\/i><\/span>\n\t\t\t\t\t\t\t\t<span class=\"elementor-toggle-icon-opened\"><i class=\"elementor-toggle-icon-opened fas fa-caret-up\"><\/i><\/span>\n\t\t\t\t\t\t\t\t\t\t\t\t\t<\/span>\n\t\t\t\t\t\t\t\t\t\t\t\t<a class=\"elementor-toggle-title\" tabindex=\"0\">Keitti\u00f6<\/a>\n\t\t\t\t\t<\/div>\n\n\t\t\t\t\t<div id=\"elementor-tab-content-1083\" class=\"elementor-tab-content elementor-clearfix\" data-tab=\"3\" role=\"region\" aria-labelledby=\"elementor-tab-title-1083\"><ul><li>tasojen pyyhint\u00e4<\/li><li>mikron puhdistus<\/li><li>kodinkoneiden pyyhint\u00e4<\/li><li>tahrojen pyyhint\u00e4 kaapistojen ovista ja kahvoista<\/li><li>altaan ja hanan pesu<\/li><li>roskakaapin siistiminen<\/li><li>astianpesukoneen t\u00e4ytt\u00f6\/tyhjennys<\/li><\/ul><\/div>\n\t\t\t\t<\/div>\n\t\t\t\t\t\t\t<div class=\"elementor-toggle-item\">\n\t\t\t\t\t<div id=\"elementor-tab-title-1084\" class=\"elementor-tab-title\" data-tab=\"4\" role=\"button\" aria-controls=\"elementor-tab-content-1084\" aria-expanded=\"false\">\n\t\t\t\t\t\t\t\t\t\t\t\t<span class=\"elementor-toggle-icon elementor-toggle-icon-left\" aria-hidden=\"true\">\n\t\t\t\t\t\t\t\t\t\t\t\t\t\t\t<span class=\"elementor-toggle-icon-closed\"><i class=\"fas fa-caret-down\"><\/i><\/span>\n\t\t\t\t\t\t\t\t<span class=\"elementor-toggle-icon-opened\"><i class=\"elementor-toggle-icon-opened fas fa-caret-up\"><\/i><\/span>\n\t\t\t\t\t\t\t\t\t\t\t\t\t<\/span>\n\t\t\t\t\t\t\t\t\t\t\t\t<a class=\"elementor-toggle-title\" tabindex=\"0\">Lis\u00e4palvelut<\/a>\n\t\t\t\t\t<\/div>\n\n\t\t\t\t\t<div id=\"elementor-tab-content-1084\" class=\"elementor-tab-content elementor-clearfix\" data-tab=\"4\" role=\"region\" aria-labelledby=\"elementor-tab-title-1084\"><ul><li>lis\u00e4palvelut sovittavissa<\/li><\/ul><\/div>\n\t\t\t\t<\/div>\n\t\t\t\t\t\t\t\t<\/div>\n\t\t\t\t<\/div>\n\t\t\t\t<\/div>\n\t\t\t\t\t<\/div>\n\t\t<\/div>\n\t\t\t\t<div class=\"elementor-column elementor-col-50 elementor-top-column elementor-element elementor-element-fa344e1\" data-id=\"fa344e1\" data-element_type=\"column\">\n\t\t\t<div class=\"elementor-widget-wrap elementor-element-populated\">\n\t\t\t\t\t\t<div class=\"elementor-element elementor-element-bab9ae4 elementor-widget elementor-widget-heading\" data-id=\"bab9ae4\" data-element_type=\"widget\" data-widget_type=\"heading.default\">\n\t\t\t\t<div class=\"elementor-widget-container\">\n\t\t\t<h4 class=\"elementor-heading-title elementor-size-default\">Hinnasto<\/h4>\t\t<\/div>\n\t\t\t\t<\/div>\n\t\t\t\t<div class=\"elementor-element elementor-element-2888b4d elementor-widget elementor-widget-text-editor\" data-id=\"2888b4d\" data-element_type=\"widget\" data-widget_type=\"text-editor.default\">\n\t\t\t\t<div class=\"elementor-widget-container\">\n\t\t\t\t\t\t\t<p><span style=\"letter-spacing: -0.315px;\">Hinta m\u00e4\u00e4r\u00e4ytyy sopimuksen mukaan.\u00a0<a href=\"https:\/\/www.aitosiivous.fi\/index.php\/yhteystiedot\/\">Pyyd\u00e4 tarjous!<\/a><\/span><\/p>\t\t\t\t\t\t<\/div>\n\t\t\t\t<\/div>\n\t\t\t\t<div class=\"elementor-element elementor-element-96e5b40 elementor-widget elementor-widget-text-editor\" data-id=\"96e5b40\" data-element_type=\"widget\" data-widget_type=\"text-editor.default\">\n\t\t\t\t<div class=\"elementor-widget-container\">\n\t\t\t\t\t\t\t<p style=\"text-align: left;\">Siivous toteutetaan kotimaisilla, miedosti raikkaantuoksuisilla pesuaineilla. Mik\u00e4li haluat siivouksen toteutettavan hajusteettomilla aineilla, tulee k\u00e4ynnille lis\u00e4veloitus kohteen koon mukaan.\u00a0 My\u00f6s hajusteettomat pesuaineet ovat kotimaisia.<\/p>\t\t\t\t\t\t<\/div>\n\t\t\t\t<\/div>\n\t\t\t\t\t<\/div>\n\t\t<\/div>\n\t\t\t\t\t<\/div>\n\t\t<\/section>\n\t\t\t\t<\/div>\n\t\t","protected":false},"excerpt":{"rendered":"<p>Yrityksille ja taloyhti\u00f6ille Palvelut Loppusiivoukset Porrassiivous Toimistosiivous Ikkunanpesut Palvelun sis\u00e4lt\u00f6 r\u00e4\u00e4t\u00e4l\u00f6id\u00e4\u00e4n yksil\u00f6llisesti asiakkaan toiveiden mukaan. Esimerkki toimistosiivouksen sis\u00e4ll\u00f6st\u00e4: Yleiset tilat lattioiden ja mattojen imurointi sek\u00e4 lattioiden pesu p\u00f6lyjen pyyhint\u00e4 ovien, kahvojen ja valokatkaisijoiden pyyhint\u00e4 roska-astioiden tyhjennys Wc-tilat lattian imurointi ja pesu peilien pyyhint\u00e4 wc-istuimen pesu ja pyyhint\u00e4 altaan ja hanan pesu Keitti\u00f6 tasojen pyyhint\u00e4 mikron [&hellip;]<\/p>\n","protected":false},"author":1,"featured_media":0,"parent":0,"menu_order":0,"comment_status":"closed","ping_status":"closed","template":"","meta":{"footnotes":""},"class_list":["post-745","page","type-page","status-publish","hentry"],"yoast_head":"<!-- This site is optimized with the Yoast SEO plugin v23.4 - https:\/\/yoast.com\/wordpress\/plugins\/seo\/ -->\n<title>AITOSIIVOUS | Yrityksille<\/title>\n<meta name=\"robots\" content=\"index, follow, max-snippet:-1, max-image-preview:large, max-video-preview:-1\" \/>\n<link rel=\"canonical\" href=\"https:\/\/www.aitosiivous.fi\/index.php\/yrityksille\/\" \/>\n<meta property=\"og:locale\" content=\"fi_FI\" \/>\n<meta property=\"og:type\" content=\"article\" \/>\n<meta property=\"og:title\" content=\"AITOSIIVOUS | Yrityksille\" \/>\n<meta property=\"og:description\" content=\"Yrityksille ja taloyhti\u00f6ille Palvelut Loppusiivoukset Porrassiivous Toimistosiivous Ikkunanpesut Palvelun sis\u00e4lt\u00f6 r\u00e4\u00e4t\u00e4l\u00f6id\u00e4\u00e4n yksil\u00f6llisesti asiakkaan toiveiden mukaan. Esimerkki toimistosiivouksen sis\u00e4ll\u00f6st\u00e4: Yleiset tilat lattioiden ja mattojen imurointi sek\u00e4 lattioiden pesu p\u00f6lyjen pyyhint\u00e4 ovien, kahvojen ja valokatkaisijoiden pyyhint\u00e4 roska-astioiden tyhjennys Wc-tilat lattian imurointi ja pesu peilien pyyhint\u00e4 wc-istuimen pesu ja pyyhint\u00e4 altaan ja hanan pesu Keitti\u00f6 tasojen pyyhint\u00e4 mikron [&hellip;]\" \/>\n<meta property=\"og:url\" content=\"https:\/\/www.aitosiivous.fi\/index.php\/yrityksille\/\" \/>\n<meta property=\"og:site_name\" content=\"AITOSIIVOUS\" \/>\n<meta property=\"article:publisher\" content=\"https:\/\/www.facebook.com\/people\/Aitosiivous\/100074157588520\/\" \/>\n<meta property=\"article:modified_time\" content=\"2022-02-12T15:45:03+00:00\" \/>\n<meta property=\"og:image\" content=\"https:\/\/www.aitosiivous.fi\/wp-content\/uploads\/2022\/02\/AITOSIIVOUS.png\" \/>\n\t<meta property=\"og:image:width\" content=\"1748\" \/>\n\t<meta property=\"og:image:height\" content=\"828\" \/>\n\t<meta property=\"og:image:type\" content=\"image\/png\" \/>\n<meta name=\"twitter:card\" content=\"summary_large_image\" \/>\n<meta name=\"twitter:label1\" content=\"Arvioitu lukuaika\" \/>\n\t<meta name=\"twitter:data1\" content=\"1 minuutti\" \/>\n<script type=\"application\/ld+json\" class=\"yoast-schema-graph\">{\"@context\":\"https:\/\/schema.org\",\"@graph\":[{\"@type\":\"WebPage\",\"@id\":\"https:\/\/www.aitosiivous.fi\/index.php\/yrityksille\/\",\"url\":\"https:\/\/www.aitosiivous.fi\/index.php\/yrityksille\/\",\"name\":\"AITOSIIVOUS | Yrityksille\",\"isPartOf\":{\"@id\":\"https:\/\/www.aitosiivous.fi\/#website\"},\"datePublished\":\"2021-11-11T20:07:32+00:00\",\"dateModified\":\"2022-02-12T15:45:03+00:00\",\"breadcrumb\":{\"@id\":\"https:\/\/www.aitosiivous.fi\/index.php\/yrityksille\/#breadcrumb\"},\"inLanguage\":\"fi\",\"potentialAction\":[{\"@type\":\"ReadAction\",\"target\":[\"https:\/\/www.aitosiivous.fi\/index.php\/yrityksille\/\"]}]},{\"@type\":\"BreadcrumbList\",\"@id\":\"https:\/\/www.aitosiivous.fi\/index.php\/yrityksille\/#breadcrumb\",\"itemListElement\":[{\"@type\":\"ListItem\",\"position\":1,\"name\":\"Etusivu\",\"item\":\"https:\/\/www.aitosiivous.fi\/\"},{\"@type\":\"ListItem\",\"position\":2,\"name\":\"Yrityksille\"}]},{\"@type\":\"WebSite\",\"@id\":\"https:\/\/www.aitosiivous.fi\/#website\",\"url\":\"https:\/\/www.aitosiivous.fi\/\",\"name\":\"AITOSIIVOUS\",\"description\":\"\",\"publisher\":{\"@id\":\"https:\/\/www.aitosiivous.fi\/#organization\"},\"potentialAction\":[{\"@type\":\"SearchAction\",\"target\":{\"@type\":\"EntryPoint\",\"urlTemplate\":\"https:\/\/www.aitosiivous.fi\/?s={search_term_string}\"},\"query-input\":{\"@type\":\"PropertyValueSpecification\",\"valueRequired\":true,\"valueName\":\"search_term_string\"}}],\"inLanguage\":\"fi\"},{\"@type\":\"Organization\",\"@id\":\"https:\/\/www.aitosiivous.fi\/#organization\",\"name\":\"Aito Siivous\",\"url\":\"https:\/\/www.aitosiivous.fi\/\",\"logo\":{\"@type\":\"ImageObject\",\"inLanguage\":\"fi\",\"@id\":\"https:\/\/www.aitosiivous.fi\/#\/schema\/logo\/image\/\",\"url\":\"https:\/\/www.aitosiivous.fi\/wp-content\/uploads\/2022\/02\/AITOSIIVOUS.png\",\"contentUrl\":\"https:\/\/www.aitosiivous.fi\/wp-content\/uploads\/2022\/02\/AITOSIIVOUS.png\",\"width\":1748,\"height\":828,\"caption\":\"Aito Siivous\"},\"image\":{\"@id\":\"https:\/\/www.aitosiivous.fi\/#\/schema\/logo\/image\/\"},\"sameAs\":[\"https:\/\/www.facebook.com\/people\/Aitosiivous\/100074157588520\/\",\"https:\/\/www.instagram.com\/aitosiivous\/\"]}]}<\/script>\n<!-- \/ Yoast SEO plugin. -->","yoast_head_json":{"title":"AITOSIIVOUS | Yrityksille","robots":{"index":"index","follow":"follow","max-snippet":"max-snippet:-1","max-image-preview":"max-image-preview:large","max-video-preview":"max-video-preview:-1"},"canonical":"https:\/\/www.aitosiivous.fi\/index.php\/yrityksille\/","og_locale":"fi_FI","og_type":"article","og_title":"AITOSIIVOUS | Yrityksille","og_description":"Yrityksille ja taloyhti\u00f6ille Palvelut Loppusiivoukset Porrassiivous Toimistosiivous Ikkunanpesut Palvelun sis\u00e4lt\u00f6 r\u00e4\u00e4t\u00e4l\u00f6id\u00e4\u00e4n yksil\u00f6llisesti asiakkaan toiveiden mukaan. Esimerkki toimistosiivouksen sis\u00e4ll\u00f6st\u00e4: Yleiset tilat lattioiden ja mattojen imurointi sek\u00e4 lattioiden pesu p\u00f6lyjen pyyhint\u00e4 ovien, kahvojen ja valokatkaisijoiden pyyhint\u00e4 roska-astioiden tyhjennys Wc-tilat lattian imurointi ja pesu peilien pyyhint\u00e4 wc-istuimen pesu ja pyyhint\u00e4 altaan ja hanan pesu Keitti\u00f6 tasojen pyyhint\u00e4 mikron [&hellip;]","og_url":"https:\/\/www.aitosiivous.fi\/index.php\/yrityksille\/","og_site_name":"AITOSIIVOUS","article_publisher":"https:\/\/www.facebook.com\/people\/Aitosiivous\/100074157588520\/","article_modified_time":"2022-02-12T15:45:03+00:00","og_image":[{"width":1748,"height":828,"url":"https:\/\/www.aitosiivous.fi\/wp-content\/uploads\/2022\/02\/AITOSIIVOUS.png","type":"image\/png"}],"twitter_card":"summary_large_image","twitter_misc":{"Arvioitu lukuaika":"1 minuutti"},"schema":{"@context":"https:\/\/schema.org","@graph":[{"@type":"WebPage","@id":"https:\/\/www.aitosiivous.fi\/index.php\/yrityksille\/","url":"https:\/\/www.aitosiivous.fi\/index.php\/yrityksille\/","name":"AITOSIIVOUS | Yrityksille","isPartOf":{"@id":"https:\/\/www.aitosiivous.fi\/#website"},"datePublished":"2021-11-11T20:07:32+00:00","dateModified":"2022-02-12T15:45:03+00:00","breadcrumb":{"@id":"https:\/\/www.aitosiivous.fi\/index.php\/yrityksille\/#breadcrumb"},"inLanguage":"fi","potentialAction":[{"@type":"ReadAction","target":["https:\/\/www.aitosiivous.fi\/index.php\/yrityksille\/"]}]},{"@type":"BreadcrumbList","@id":"https:\/\/www.aitosiivous.fi\/index.php\/yrityksille\/#breadcrumb","itemListElement":[{"@type":"ListItem","position":1,"name":"Etusivu","item":"https:\/\/www.aitosiivous.fi\/"},{"@type":"ListItem","position":2,"name":"Yrityksille"}]},{"@type":"WebSite","@id":"https:\/\/www.aitosiivous.fi\/#website","url":"https:\/\/www.aitosiivous.fi\/","name":"AITOSIIVOUS","description":"","publisher":{"@id":"https:\/\/www.aitosiivous.fi\/#organization"},"potentialAction":[{"@type":"SearchAction","target":{"@type":"EntryPoint","urlTemplate":"https:\/\/www.aitosiivous.fi\/?s={search_term_string}"},"query-input":{"@type":"PropertyValueSpecification","valueRequired":true,"valueName":"search_term_string"}}],"inLanguage":"fi"},{"@type":"Organization","@id":"https:\/\/www.aitosiivous.fi\/#organization","name":"Aito Siivous","url":"https:\/\/www.aitosiivous.fi\/","logo":{"@type":"ImageObject","inLanguage":"fi","@id":"https:\/\/www.aitosiivous.fi\/#\/schema\/logo\/image\/","url":"https:\/\/www.aitosiivous.fi\/wp-content\/uploads\/2022\/02\/AITOSIIVOUS.png","contentUrl":"https:\/\/www.aitosiivous.fi\/wp-content\/uploads\/2022\/02\/AITOSIIVOUS.png","width":1748,"height":828,"caption":"Aito Siivous"},"image":{"@id":"https:\/\/www.aitosiivous.fi\/#\/schema\/logo\/image\/"},"sameAs":["https:\/\/www.facebook.com\/people\/Aitosiivous\/100074157588520\/","https:\/\/www.instagram.com\/aitosiivous\/"]}]}},"_links":{"self":[{"href":"https:\/\/www.aitosiivous.fi\/index.php\/wp-json\/wp\/v2\/pages\/745"}],"collection":[{"href":"https:\/\/www.aitosiivous.fi\/index.php\/wp-json\/wp\/v2\/pages"}],"about":[{"href":"https:\/\/www.aitosiivous.fi\/index.php\/wp-json\/wp\/v2\/types\/page"}],"author":[{"embeddable":true,"href":"https:\/\/www.aitosiivous.fi\/index.php\/wp-json\/wp\/v2\/users\/1"}],"replies":[{"embeddable":true,"href":"https:\/\/www.aitosiivous.fi\/index.php\/wp-json\/wp\/v2\/comments?post=745"}],"version-history":[{"count":51,"href":"https:\/\/www.aitosiivous.fi\/index.php\/wp-json\/wp\/v2\/pages\/745\/revisions"}],"predecessor-version":[{"id":1821,"href":"https:\/\/www.aitosiivous.fi\/index.php\/wp-json\/wp\/v2\/pages\/745\/revisions\/1821"}],"wp:attachment":[{"href":"https:\/\/www.aitosiivous.fi\/index.php\/wp-json\/wp\/v2\/media?parent=745"}],"curies":[{"name":"wp","href":"https:\/\/api.w.org\/{rel}","templated":true}]}}