{"id":188,"date":"2021-10-13T19:56:36","date_gmt":"2021-10-13T17:56:36","guid":{"rendered":"https:\/\/www.aitosiivous.fi\/?page_id=188"},"modified":"2022-02-12T17:33:16","modified_gmt":"2022-02-12T15:33:16","slug":"etusivu","status":"publish","type":"page","link":"https:\/\/www.aitosiivous.fi\/","title":{"rendered":"Etusivu"},"content":{"rendered":"\t\t<div data-elementor-type=\"wp-page\" data-elementor-id=\"188\" class=\"elementor elementor-188\">\n\t\t\t\t\t\t<section class=\"elementor-section elementor-top-section elementor-element elementor-element-81e096c elementor-section-height-min-height elementor-hidden-tablet elementor-hidden-mobile elementor-section-stretched elementor-section-boxed elementor-section-height-default elementor-section-items-middle\" data-id=\"81e096c\" data-element_type=\"section\" data-settings=\"{&quot;background_background&quot;:&quot;classic&quot;,&quot;stretch_section&quot;:&quot;section-stretched&quot;}\">\n\t\t\t\t\t\t<div class=\"elementor-container elementor-column-gap-no\">\n\t\t\t\t\t<div class=\"elementor-column elementor-col-100 elementor-top-column elementor-element elementor-element-71d03a7\" data-id=\"71d03a7\" data-element_type=\"column\">\n\t\t\t<div class=\"elementor-widget-wrap elementor-element-populated\">\n\t\t\t\t\t\t<div class=\"elementor-element elementor-element-fa7e59e elementor-hidden-mobile elementor-widget elementor-widget-text-editor\" data-id=\"fa7e59e\" data-element_type=\"widget\" data-widget_type=\"text-editor.default\">\n\t\t\t\t<div class=\"elementor-widget-container\">\n\t\t\t\t\t\t\t<p style=\"text-align: center;\"><span style=\"color: #ffcf00; font-family: Allura, sans-serif; font-size: 39px; letter-spacing: 4.4px; text-align: center;\">Aitoa siivousta, aidosti ihmiselt\u00e4 ihmiselle<\/span><\/p>\t\t\t\t\t\t<\/div>\n\t\t\t\t<\/div>\n\t\t\t\t\t<\/div>\n\t\t<\/div>\n\t\t\t\t\t<\/div>\n\t\t<\/section>\n\t\t\t\t<section class=\"elementor-section elementor-top-section elementor-element elementor-element-d9c8425 elementor-section-height-min-height elementor-hidden-desktop elementor-section-stretched elementor-section-boxed elementor-section-height-default elementor-section-items-middle\" data-id=\"d9c8425\" data-element_type=\"section\" data-settings=\"{&quot;background_background&quot;:&quot;classic&quot;,&quot;stretch_section&quot;:&quot;section-stretched&quot;}\">\n\t\t\t\t\t\t<div class=\"elementor-container elementor-column-gap-default\">\n\t\t\t\t\t<div class=\"elementor-column elementor-col-100 elementor-top-column elementor-element elementor-element-b203fc6\" data-id=\"b203fc6\" data-element_type=\"column\">\n\t\t\t<div class=\"elementor-widget-wrap elementor-element-populated\">\n\t\t\t\t\t\t<div class=\"elementor-element elementor-element-60d4f69 elementor-widget elementor-widget-text-editor\" data-id=\"60d4f69\" data-element_type=\"widget\" data-widget_type=\"text-editor.default\">\n\t\t\t\t<div class=\"elementor-widget-container\">\n\t\t\t\t\t\t\t<p><span style=\"color: #ffcf00; font-family: Allura, sans-serif; font-size: 39px; letter-spacing: 4.4px; text-align: center;\">Aitoa siivousta, aidosti ihmiselt\u00e4 ihmiselle<\/span><br><\/p>\t\t\t\t\t\t<\/div>\n\t\t\t\t<\/div>\n\t\t\t\t\t<\/div>\n\t\t<\/div>\n\t\t\t\t\t<\/div>\n\t\t<\/section>\n\t\t\t\t<section class=\"elementor-section elementor-top-section elementor-element elementor-element-37ab350 elementor-section-boxed elementor-section-height-default elementor-section-height-default\" data-id=\"37ab350\" data-element_type=\"section\">\n\t\t\t\t\t\t<div class=\"elementor-container elementor-column-gap-default\">\n\t\t\t\t\t<div class=\"elementor-column elementor-col-100 elementor-top-column elementor-element elementor-element-490d240\" data-id=\"490d240\" data-element_type=\"column\">\n\t\t\t<div class=\"elementor-widget-wrap elementor-element-populated\">\n\t\t\t\t\t\t<div class=\"elementor-element elementor-element-48d2346 elementor-widget elementor-widget-heading\" data-id=\"48d2346\" data-element_type=\"widget\" data-widget_type=\"heading.default\">\n\t\t\t\t<div class=\"elementor-widget-container\">\n\t\t\t<h2 class=\"elementor-heading-title elementor-size-default\">Siivouspalveluita Tampereen seudulla<br> kotitalouksille ja yrityksille!<\/h2>\t\t<\/div>\n\t\t\t\t<\/div>\n\t\t\t\t\t<\/div>\n\t\t<\/div>\n\t\t\t\t\t<\/div>\n\t\t<\/section>\n\t\t\t\t<section class=\"elementor-section elementor-top-section elementor-element elementor-element-99b427b elementor-section-boxed elementor-section-height-default elementor-section-height-default\" data-id=\"99b427b\" data-element_type=\"section\" data-settings=\"{&quot;background_background&quot;:&quot;classic&quot;}\">\n\t\t\t\t\t\t<div class=\"elementor-container elementor-column-gap-default\">\n\t\t\t\t\t<div class=\"elementor-column elementor-col-100 elementor-top-column elementor-element elementor-element-de92a1c\" data-id=\"de92a1c\" data-element_type=\"column\">\n\t\t\t<div class=\"elementor-widget-wrap elementor-element-populated\">\n\t\t\t\t\t\t<div class=\"elementor-element elementor-element-fdb8c97 elementor-align-center elementor-widget elementor-widget-button\" data-id=\"fdb8c97\" data-element_type=\"widget\" data-widget_type=\"button.default\">\n\t\t\t\t<div class=\"elementor-widget-container\">\n\t\t\t\t\t<div class=\"elementor-button-wrapper\">\n\t\t\t<a class=\"elementor-button elementor-button-link elementor-size-xl\" href=\"https:\/\/www.aitosiivous.fi\/index.php\/yhteystiedot\/\">\n\t\t\t\t\t\t<span class=\"elementor-button-content-wrapper\">\n\t\t\t\t\t\t<span class=\"elementor-button-icon\">\n\t\t\t\t<i aria-hidden=\"true\" class=\"far fa-address-book\"><\/i>\t\t\t<\/span>\n\t\t\t\t\t\t\t\t\t<span class=\"elementor-button-text\">J\u00c4T\u00c4 YHTEYDENOTTOPYYNT\u00d6<\/span>\n\t\t\t\t\t<\/span>\n\t\t\t\t\t<\/a>\n\t\t<\/div>\n\t\t\t\t<\/div>\n\t\t\t\t<\/div>\n\t\t\t\t\t<\/div>\n\t\t<\/div>\n\t\t\t\t\t<\/div>\n\t\t<\/section>\n\t\t\t\t<section class=\"elementor-section elementor-top-section elementor-element elementor-element-67f67dd elementor-section-height-min-height elementor-section-boxed elementor-section-height-default elementor-section-items-middle\" data-id=\"67f67dd\" data-element_type=\"section\" data-settings=\"{&quot;background_background&quot;:&quot;classic&quot;}\">\n\t\t\t\t\t\t<div class=\"elementor-container elementor-column-gap-default\">\n\t\t\t\t\t<div class=\"elementor-column elementor-col-50 elementor-top-column elementor-element elementor-element-bd968f7\" data-id=\"bd968f7\" data-element_type=\"column\">\n\t\t\t<div class=\"elementor-widget-wrap elementor-element-populated\">\n\t\t\t\t\t\t<div class=\"elementor-element elementor-element-eeeb487 elementor-align-left animated-fast elementor-mobile-align-justify elementor-invisible elementor-widget elementor-widget-button\" data-id=\"eeeb487\" data-element_type=\"widget\" data-settings=\"{&quot;_animation&quot;:&quot;fadeIn&quot;}\" data-widget_type=\"button.default\">\n\t\t\t\t<div class=\"elementor-widget-container\">\n\t\t\t\t\t<div class=\"elementor-button-wrapper\">\n\t\t\t<a class=\"elementor-button elementor-button-link elementor-size-xl\" href=\"https:\/\/www.aitosiivous.fi\/index.php\/kotitalouksille\/\">\n\t\t\t\t\t\t<span class=\"elementor-button-content-wrapper\">\n\t\t\t\t\t\t\t\t\t<span class=\"elementor-button-text\">KOTITALOUKSILLE<\/span>\n\t\t\t\t\t<\/span>\n\t\t\t\t\t<\/a>\n\t\t<\/div>\n\t\t\t\t<\/div>\n\t\t\t\t<\/div>\n\t\t\t\t\t<\/div>\n\t\t<\/div>\n\t\t\t\t<div class=\"elementor-column elementor-col-50 elementor-top-column elementor-element elementor-element-0299dfb\" data-id=\"0299dfb\" data-element_type=\"column\">\n\t\t\t<div class=\"elementor-widget-wrap elementor-element-populated\">\n\t\t\t\t\t\t<div class=\"elementor-element elementor-element-ea7fd74 elementor-align-justify animated-fast elementor-invisible elementor-widget elementor-widget-button\" data-id=\"ea7fd74\" data-element_type=\"widget\" data-settings=\"{&quot;_animation&quot;:&quot;fadeIn&quot;}\" data-widget_type=\"button.default\">\n\t\t\t\t<div class=\"elementor-widget-container\">\n\t\t\t\t\t<div class=\"elementor-button-wrapper\">\n\t\t\t<a class=\"elementor-button elementor-button-link elementor-size-xl\" href=\"https:\/\/www.aitosiivous.fi\/index.php\/yritykselle\/\">\n\t\t\t\t\t\t<span class=\"elementor-button-content-wrapper\">\n\t\t\t\t\t\t\t\t\t<span class=\"elementor-button-text\">YRITYKSILLE<\/span>\n\t\t\t\t\t<\/span>\n\t\t\t\t\t<\/a>\n\t\t<\/div>\n\t\t\t\t<\/div>\n\t\t\t\t<\/div>\n\t\t\t\t\t<\/div>\n\t\t<\/div>\n\t\t\t\t\t<\/div>\n\t\t<\/section>\n\t\t\t\t<section class=\"elementor-section elementor-top-section elementor-element elementor-element-6afd5ce elementor-section-height-min-height elementor-section-stretched elementor-section-boxed elementor-section-height-default elementor-section-items-middle elementor-invisible\" data-id=\"6afd5ce\" data-element_type=\"section\" data-settings=\"{&quot;background_background&quot;:&quot;classic&quot;,&quot;animation&quot;:&quot;fadeIn&quot;,&quot;animation_delay&quot;:400,&quot;stretch_section&quot;:&quot;section-stretched&quot;}\">\n\t\t\t\t\t\t<div class=\"elementor-container elementor-column-gap-default\">\n\t\t\t\t\t<div class=\"elementor-column elementor-col-33 elementor-top-column elementor-element elementor-element-c8d44e0\" data-id=\"c8d44e0\" data-element_type=\"column\">\n\t\t\t<div class=\"elementor-widget-wrap elementor-element-populated\">\n\t\t\t\t\t\t<div class=\"elementor-element elementor-element-37af850 elementor-view-default elementor-widget elementor-widget-icon\" data-id=\"37af850\" data-element_type=\"widget\" data-widget_type=\"icon.default\">\n\t\t\t\t<div class=\"elementor-widget-container\">\n\t\t\t\t\t<div class=\"elementor-icon-wrapper\">\n\t\t\t<div class=\"elementor-icon\">\n\t\t\t<i aria-hidden=\"true\" class=\"fas fa-home\"><\/i>\t\t\t<\/div>\n\t\t<\/div>\n\t\t\t\t<\/div>\n\t\t\t\t<\/div>\n\t\t\t\t<div class=\"elementor-element elementor-element-e52e6dd elementor-widget elementor-widget-heading\" data-id=\"e52e6dd\" data-element_type=\"widget\" data-widget_type=\"heading.default\">\n\t\t\t\t<div class=\"elementor-widget-container\">\n\t\t\t<h3 class=\"elementor-heading-title elementor-size-default\">100% kotimainen<\/h3>\t\t<\/div>\n\t\t\t\t<\/div>\n\t\t\t\t\t<\/div>\n\t\t<\/div>\n\t\t\t\t<div class=\"elementor-column elementor-col-33 elementor-top-column elementor-element elementor-element-afd5de1\" data-id=\"afd5de1\" data-element_type=\"column\">\n\t\t\t<div class=\"elementor-widget-wrap elementor-element-populated\">\n\t\t\t\t\t\t<div class=\"elementor-element elementor-element-7ff4515 elementor-view-default elementor-widget elementor-widget-icon\" data-id=\"7ff4515\" data-element_type=\"widget\" data-widget_type=\"icon.default\">\n\t\t\t\t<div class=\"elementor-widget-container\">\n\t\t\t\t\t<div class=\"elementor-icon-wrapper\">\n\t\t\t<div class=\"elementor-icon\">\n\t\t\t<i aria-hidden=\"true\" class=\"far fa-thumbs-up\"><\/i>\t\t\t<\/div>\n\t\t<\/div>\n\t\t\t\t<\/div>\n\t\t\t\t<\/div>\n\t\t\t\t<div class=\"elementor-element elementor-element-3b3f786 elementor-widget elementor-widget-heading\" data-id=\"3b3f786\" data-element_type=\"widget\" data-widget_type=\"heading.default\">\n\t\t\t\t<div class=\"elementor-widget-container\">\n\t\t\t<h3 class=\"elementor-heading-title elementor-size-default\">Vastuullinen<\/h3>\t\t<\/div>\n\t\t\t\t<\/div>\n\t\t\t\t\t<\/div>\n\t\t<\/div>\n\t\t\t\t<div class=\"elementor-column elementor-col-33 elementor-top-column elementor-element elementor-element-794e3a3\" data-id=\"794e3a3\" data-element_type=\"column\">\n\t\t\t<div class=\"elementor-widget-wrap elementor-element-populated\">\n\t\t\t\t\t\t<div class=\"elementor-element elementor-element-9c2e5fa elementor-star-rating--align-center elementor-widget__width-inherit elementor--star-style-star_fontawesome elementor-widget elementor-widget-star-rating\" data-id=\"9c2e5fa\" data-element_type=\"widget\" data-widget_type=\"star-rating.default\">\n\t\t\t\t<div class=\"elementor-widget-container\">\n\t\t\t\n\t\t<div class=\"elementor-star-rating__wrapper\">\n\t\t\t\t\t\t<div class=\"elementor-star-rating\" title=\"5\/5\" itemtype=\"http:\/\/schema.org\/Rating\" itemscope=\"\" itemprop=\"reviewRating\"><i class=\"elementor-star-full\">&#xE934;<\/i><i class=\"elementor-star-full\">&#xE934;<\/i><i class=\"elementor-star-full\">&#xE934;<\/i><i class=\"elementor-star-full\">&#xE934;<\/i><i class=\"elementor-star-full\">&#xE934;<\/i> <span itemprop=\"ratingValue\" class=\"elementor-screen-only\">5\/5<\/span><\/div>\t\t<\/div>\n\t\t\t\t<\/div>\n\t\t\t\t<\/div>\n\t\t\t\t<div class=\"elementor-element elementor-element-9a9949c elementor-widget elementor-widget-heading\" data-id=\"9a9949c\" data-element_type=\"widget\" data-widget_type=\"heading.default\">\n\t\t\t\t<div class=\"elementor-widget-container\">\n\t\t\t<h3 class=\"elementor-heading-title elementor-size-default\">Laadukas<\/h3>\t\t<\/div>\n\t\t\t\t<\/div>\n\t\t\t\t\t<\/div>\n\t\t<\/div>\n\t\t\t\t\t<\/div>\n\t\t<\/section>\n\t\t\t\t<\/div>\n\t\t","protected":false},"excerpt":{"rendered":"<p>Aitoa siivousta, aidosti ihmiselt\u00e4 ihmiselle Aitoa siivousta, aidosti ihmiselt\u00e4 ihmiselle Siivouspalveluita Tampereen seudulla kotitalouksille ja yrityksille! J\u00c4T\u00c4 YHTEYDENOTTOPYYNT\u00d6 KOTITALOUKSILLE YRITYKSILLE 100% kotimainen Vastuullinen \ue934\ue934\ue934\ue934\ue934 5\/5 Laadukas<\/p>\n","protected":false},"author":1,"featured_media":0,"parent":0,"menu_order":0,"comment_status":"closed","ping_status":"closed","template":"","meta":{"footnotes":""},"class_list":["post-188","page","type-page","status-publish","hentry"],"yoast_head":"<!-- This site is optimized with the Yoast SEO plugin v23.4 - https:\/\/yoast.com\/wordpress\/plugins\/seo\/ -->\n<title>AITOSIIVOUS | Laadukkaat siivouspalvelut Pirkanmaalla<\/title>\n<meta name=\"description\" content=\"Aitosiivous tarjoaa laadukkaat siivouspalvelut yrityksille sek\u00e4 kotitalouksille!\" \/>\n<meta name=\"robots\" content=\"index, follow, max-snippet:-1, max-image-preview:large, max-video-preview:-1\" \/>\n<link rel=\"canonical\" href=\"https:\/\/www.aitosiivous.fi\/\" \/>\n<meta property=\"og:locale\" content=\"fi_FI\" \/>\n<meta property=\"og:type\" content=\"article\" \/>\n<meta property=\"og:title\" content=\"AITOSIIVOUS | Laadukkaat siivouspalvelut Pirkanmaalla\" \/>\n<meta property=\"og:description\" content=\"Aitosiivous tarjoaa laadukkaat siivouspalvelut yrityksille sek\u00e4 kotitalouksille!\" \/>\n<meta property=\"og:url\" content=\"https:\/\/www.aitosiivous.fi\/\" \/>\n<meta property=\"og:site_name\" content=\"AITOSIIVOUS\" \/>\n<meta property=\"article:publisher\" content=\"https:\/\/www.facebook.com\/people\/Aitosiivous\/100074157588520\/\" \/>\n<meta property=\"article:modified_time\" content=\"2022-02-12T15:33:16+00:00\" \/>\n<meta property=\"og:image\" content=\"https:\/\/www.aitosiivous.fi\/wp-content\/uploads\/2022\/02\/AITOSIIVOUS.png\" \/>\n\t<meta property=\"og:image:width\" content=\"1748\" \/>\n\t<meta property=\"og:image:height\" content=\"828\" \/>\n\t<meta property=\"og:image:type\" content=\"image\/png\" \/>\n<meta name=\"twitter:card\" content=\"summary_large_image\" \/>\n<meta name=\"twitter:label1\" content=\"Arvioitu lukuaika\" \/>\n\t<meta name=\"twitter:data1\" content=\"1 minuutti\" \/>\n<script type=\"application\/ld+json\" class=\"yoast-schema-graph\">{\"@context\":\"https:\/\/schema.org\",\"@graph\":[{\"@type\":\"WebPage\",\"@id\":\"https:\/\/www.aitosiivous.fi\/\",\"url\":\"https:\/\/www.aitosiivous.fi\/\",\"name\":\"AITOSIIVOUS | Laadukkaat siivouspalvelut Pirkanmaalla\",\"isPartOf\":{\"@id\":\"https:\/\/www.aitosiivous.fi\/#website\"},\"datePublished\":\"2021-10-13T17:56:36+00:00\",\"dateModified\":\"2022-02-12T15:33:16+00:00\",\"description\":\"Aitosiivous tarjoaa laadukkaat siivouspalvelut yrityksille sek\u00e4 kotitalouksille!\",\"breadcrumb\":{\"@id\":\"https:\/\/www.aitosiivous.fi\/#breadcrumb\"},\"inLanguage\":\"fi\",\"potentialAction\":[{\"@type\":\"ReadAction\",\"target\":[\"https:\/\/www.aitosiivous.fi\/\"]}]},{\"@type\":\"BreadcrumbList\",\"@id\":\"https:\/\/www.aitosiivous.fi\/#breadcrumb\",\"itemListElement\":[{\"@type\":\"ListItem\",\"position\":1,\"name\":\"Etusivu\",\"item\":\"https:\/\/www.aitosiivous.fi\/\"},{\"@type\":\"ListItem\",\"position\":2,\"name\":\"Etusivu\"}]},{\"@type\":\"WebSite\",\"@id\":\"https:\/\/www.aitosiivous.fi\/#website\",\"url\":\"https:\/\/www.aitosiivous.fi\/\",\"name\":\"AITOSIIVOUS\",\"description\":\"\",\"publisher\":{\"@id\":\"https:\/\/www.aitosiivous.fi\/#organization\"},\"potentialAction\":[{\"@type\":\"SearchAction\",\"target\":{\"@type\":\"EntryPoint\",\"urlTemplate\":\"https:\/\/www.aitosiivous.fi\/?s={search_term_string}\"},\"query-input\":{\"@type\":\"PropertyValueSpecification\",\"valueRequired\":true,\"valueName\":\"search_term_string\"}}],\"inLanguage\":\"fi\"},{\"@type\":\"Organization\",\"@id\":\"https:\/\/www.aitosiivous.fi\/#organization\",\"name\":\"Aito Siivous\",\"url\":\"https:\/\/www.aitosiivous.fi\/\",\"logo\":{\"@type\":\"ImageObject\",\"inLanguage\":\"fi\",\"@id\":\"https:\/\/www.aitosiivous.fi\/#\/schema\/logo\/image\/\",\"url\":\"https:\/\/www.aitosiivous.fi\/wp-content\/uploads\/2022\/02\/AITOSIIVOUS.png\",\"contentUrl\":\"https:\/\/www.aitosiivous.fi\/wp-content\/uploads\/2022\/02\/AITOSIIVOUS.png\",\"width\":1748,\"height\":828,\"caption\":\"Aito Siivous\"},\"image\":{\"@id\":\"https:\/\/www.aitosiivous.fi\/#\/schema\/logo\/image\/\"},\"sameAs\":[\"https:\/\/www.facebook.com\/people\/Aitosiivous\/100074157588520\/\",\"https:\/\/www.instagram.com\/aitosiivous\/\"]}]}<\/script>\n<!-- \/ Yoast SEO plugin. -->","yoast_head_json":{"title":"AITOSIIVOUS | Laadukkaat siivouspalvelut Pirkanmaalla","description":"Aitosiivous tarjoaa laadukkaat siivouspalvelut yrityksille sek\u00e4 kotitalouksille!","robots":{"index":"index","follow":"follow","max-snippet":"max-snippet:-1","max-image-preview":"max-image-preview:large","max-video-preview":"max-video-preview:-1"},"canonical":"https:\/\/www.aitosiivous.fi\/","og_locale":"fi_FI","og_type":"article","og_title":"AITOSIIVOUS | Laadukkaat siivouspalvelut Pirkanmaalla","og_description":"Aitosiivous tarjoaa laadukkaat siivouspalvelut yrityksille sek\u00e4 kotitalouksille!","og_url":"https:\/\/www.aitosiivous.fi\/","og_site_name":"AITOSIIVOUS","article_publisher":"https:\/\/www.facebook.com\/people\/Aitosiivous\/100074157588520\/","article_modified_time":"2022-02-12T15:33:16+00:00","og_image":[{"width":1748,"height":828,"url":"https:\/\/www.aitosiivous.fi\/wp-content\/uploads\/2022\/02\/AITOSIIVOUS.png","type":"image\/png"}],"twitter_card":"summary_large_image","twitter_misc":{"Arvioitu lukuaika":"1 minuutti"},"schema":{"@context":"https:\/\/schema.org","@graph":[{"@type":"WebPage","@id":"https:\/\/www.aitosiivous.fi\/","url":"https:\/\/www.aitosiivous.fi\/","name":"AITOSIIVOUS | Laadukkaat siivouspalvelut Pirkanmaalla","isPartOf":{"@id":"https:\/\/www.aitosiivous.fi\/#website"},"datePublished":"2021-10-13T17:56:36+00:00","dateModified":"2022-02-12T15:33:16+00:00","description":"Aitosiivous tarjoaa laadukkaat siivouspalvelut yrityksille sek\u00e4 kotitalouksille!","breadcrumb":{"@id":"https:\/\/www.aitosiivous.fi\/#breadcrumb"},"inLanguage":"fi","potentialAction":[{"@type":"ReadAction","target":["https:\/\/www.aitosiivous.fi\/"]}]},{"@type":"BreadcrumbList","@id":"https:\/\/www.aitosiivous.fi\/#breadcrumb","itemListElement":[{"@type":"ListItem","position":1,"name":"Etusivu","item":"https:\/\/www.aitosiivous.fi\/"},{"@type":"ListItem","position":2,"name":"Etusivu"}]},{"@type":"WebSite","@id":"https:\/\/www.aitosiivous.fi\/#website","url":"https:\/\/www.aitosiivous.fi\/","name":"AITOSIIVOUS","description":"","publisher":{"@id":"https:\/\/www.aitosiivous.fi\/#organization"},"potentialAction":[{"@type":"SearchAction","target":{"@type":"EntryPoint","urlTemplate":"https:\/\/www.aitosiivous.fi\/?s={search_term_string}"},"query-input":{"@type":"PropertyValueSpecification","valueRequired":true,"valueName":"search_term_string"}}],"inLanguage":"fi"},{"@type":"Organization","@id":"https:\/\/www.aitosiivous.fi\/#organization","name":"Aito Siivous","url":"https:\/\/www.aitosiivous.fi\/","logo":{"@type":"ImageObject","inLanguage":"fi","@id":"https:\/\/www.aitosiivous.fi\/#\/schema\/logo\/image\/","url":"https:\/\/www.aitosiivous.fi\/wp-content\/uploads\/2022\/02\/AITOSIIVOUS.png","contentUrl":"https:\/\/www.aitosiivous.fi\/wp-content\/uploads\/2022\/02\/AITOSIIVOUS.png","width":1748,"height":828,"caption":"Aito Siivous"},"image":{"@id":"https:\/\/www.aitosiivous.fi\/#\/schema\/logo\/image\/"},"sameAs":["https:\/\/www.facebook.com\/people\/Aitosiivous\/100074157588520\/","https:\/\/www.instagram.com\/aitosiivous\/"]}]}},"_links":{"self":[{"href":"https:\/\/www.aitosiivous.fi\/index.php\/wp-json\/wp\/v2\/pages\/188"}],"collection":[{"href":"https:\/\/www.aitosiivous.fi\/index.php\/wp-json\/wp\/v2\/pages"}],"about":[{"href":"https:\/\/www.aitosiivous.fi\/index.php\/wp-json\/wp\/v2\/types\/page"}],"author":[{"embeddable":true,"href":"https:\/\/www.aitosiivous.fi\/index.php\/wp-json\/wp\/v2\/users\/1"}],"replies":[{"embeddable":true,"href":"https:\/\/www.aitosiivous.fi\/index.php\/wp-json\/wp\/v2\/comments?post=188"}],"version-history":[{"count":437,"href":"https:\/\/www.aitosiivous.fi\/index.php\/wp-json\/wp\/v2\/pages\/188\/revisions"}],"predecessor-version":[{"id":1819,"href":"https:\/\/www.aitosiivous.fi\/index.php\/wp-json\/wp\/v2\/pages\/188\/revisions\/1819"}],"wp:attachment":[{"href":"https:\/\/www.aitosiivous.fi\/index.php\/wp-json\/wp\/v2\/media?parent=188"}],"curies":[{"name":"wp","href":"https:\/\/api.w.org\/{rel}","templated":true}]}}