{"id":184,"date":"2021-10-13T19:51:15","date_gmt":"2021-10-13T17:51:15","guid":{"rendered":"https:\/\/www.aitosiivous.fi\/?page_id=184"},"modified":"2024-09-15T14:04:33","modified_gmt":"2024-09-15T12:04:33","slug":"hinnasto","status":"publish","type":"page","link":"https:\/\/www.aitosiivous.fi\/index.php\/hinnasto\/","title":{"rendered":"Yritys"},"content":{"rendered":"\t\t<div data-elementor-type=\"wp-page\" data-elementor-id=\"184\" class=\"elementor elementor-184\">\n\t\t\t\t\t\t<section class=\"elementor-section elementor-top-section elementor-element elementor-element-caf3272 elementor-section-stretched elementor-section-boxed elementor-section-height-default elementor-section-height-default\" data-id=\"caf3272\" data-element_type=\"section\" data-settings=\"{&quot;stretch_section&quot;:&quot;section-stretched&quot;}\">\n\t\t\t\t\t\t\t<div class=\"elementor-background-overlay\"><\/div>\n\t\t\t\t\t\t\t<div class=\"elementor-container elementor-column-gap-default\">\n\t\t\t\t\t<div class=\"elementor-column elementor-col-100 elementor-top-column elementor-element elementor-element-967f82f\" data-id=\"967f82f\" data-element_type=\"column\">\n\t\t\t<div class=\"elementor-widget-wrap elementor-element-populated\">\n\t\t\t\t\t\t<div class=\"elementor-element elementor-element-108b06e elementor-widget elementor-widget-heading\" data-id=\"108b06e\" data-element_type=\"widget\" data-widget_type=\"heading.default\">\n\t\t\t\t<div class=\"elementor-widget-container\">\n\t\t\t<h2 class=\"elementor-heading-title elementor-size-default\">Mik\u00e4 Aito Siivous?<\/h2>\t\t<\/div>\n\t\t\t\t<\/div>\n\t\t\t\t\t<\/div>\n\t\t<\/div>\n\t\t\t\t\t<\/div>\n\t\t<\/section>\n\t\t\t\t<section class=\"elementor-section elementor-top-section elementor-element elementor-element-5b4f731 elementor-section-stretched elementor-section-boxed elementor-section-height-default elementor-section-height-default\" data-id=\"5b4f731\" data-element_type=\"section\" data-settings=\"{&quot;stretch_section&quot;:&quot;section-stretched&quot;}\">\n\t\t\t\t\t\t\t<div class=\"elementor-background-overlay\"><\/div>\n\t\t\t\t\t\t\t<div class=\"elementor-container elementor-column-gap-default\">\n\t\t\t\t\t<div class=\"elementor-column elementor-col-100 elementor-top-column elementor-element elementor-element-c88b154\" data-id=\"c88b154\" data-element_type=\"column\">\n\t\t\t<div class=\"elementor-widget-wrap elementor-element-populated\">\n\t\t\t\t\t\t<div class=\"elementor-element elementor-element-bee1dc5 elementor-widget elementor-widget-text-editor\" data-id=\"bee1dc5\" data-element_type=\"widget\" data-widget_type=\"text-editor.default\">\n\t\t\t\t<div class=\"elementor-widget-container\">\n\t\t\t\t\t\t\t<p>Aito Siivous on vuonna 2021 perustettu tamperelainen siivouspalveluita tuottava toiminimiyritys. Sen takana on yritt\u00e4j\u00e4, jolle siivous on intohimo. Aito Siivous on perustettu aidosti asiakasta varten!<\/p><p>Viet\u00e4mme suurimman osan ajastamme kotona ja ty\u00f6paikoilla, joten on t\u00e4rke\u00e4\u00e4, ett\u00e4 juuri n\u00e4m\u00e4 tilat ovat mahdollisimman viihtyisi\u00e4!<\/p><p>Olen sit\u00e4 mielt\u00e4, ett\u00e4 ihminen kokee mielens\u00e4 selke\u00e4ksi ja olonsa viihtyis\u00e4ksi silloin kun h\u00e4nen ymp\u00e4rist\u00f6ns\u00e4kin on selke\u00e4 ja viihtyis\u00e4. Puhtaat ja siistit tilat lis\u00e4\u00e4v\u00e4t selkeytt\u00e4 ja viihtyvyytt\u00e4.<\/p><p>Aito Siivous haluaa tarjota asiakkailleen helpotusta arkeen. Siksi sen tavoitteena on tuottaa siivouspalveluita, jotka on r\u00e4\u00e4t\u00e4l\u00f6ity yksil\u00f6llisesti juuri asiakkaan toiveiden mukaisesti. Siivous toteutetaan aina erityisell\u00e4 huolellisuudella, k\u00e4ytt\u00e4en laadukkaita pesuaineita ja v\u00e4lineit\u00e4. Arvostan vahvasti kotimaisuutta, joten k\u00e4ytett\u00e4v\u00e4t tuotteet ovat p\u00e4\u00e4s\u00e4\u00e4nt\u00f6isesti kotimaisia.<\/p><p>T\u00e4rkeint\u00e4 on tyytyv\u00e4inen asiakas, joten voit k\u00e4yntini j\u00e4lkeen luottaa siihen, ett\u00e4 vastassa on aina puhtaat ja viihtyis\u00e4t tilat.<\/p>\t\t\t\t\t\t<\/div>\n\t\t\t\t<\/div>\n\t\t\t\t\t<\/div>\n\t\t<\/div>\n\t\t\t\t\t<\/div>\n\t\t<\/section>\n\t\t\t\t<\/div>\n\t\t","protected":false},"excerpt":{"rendered":"<p>Mik\u00e4 Aito Siivous? Aito Siivous on vuonna 2021 perustettu tamperelainen siivouspalveluita tuottava toiminimiyritys. Sen takana on yritt\u00e4j\u00e4, jolle siivous on intohimo. Aito Siivous on perustettu aidosti asiakasta varten! Viet\u00e4mme suurimman osan ajastamme kotona ja ty\u00f6paikoilla, joten on t\u00e4rke\u00e4\u00e4, ett\u00e4 juuri n\u00e4m\u00e4 tilat ovat mahdollisimman viihtyisi\u00e4! Olen sit\u00e4 mielt\u00e4, ett\u00e4 ihminen kokee mielens\u00e4 selke\u00e4ksi ja olonsa [&hellip;]<\/p>\n","protected":false},"author":1,"featured_media":0,"parent":0,"menu_order":0,"comment_status":"closed","ping_status":"closed","template":"","meta":{"footnotes":""},"class_list":["post-184","page","type-page","status-publish","hentry"],"yoast_head":"<!-- This site is optimized with the Yoast SEO plugin v23.4 - https:\/\/yoast.com\/wordpress\/plugins\/seo\/ -->\n<title>AITOSIIVOUS | Yritys<\/title>\n<meta name=\"robots\" content=\"index, follow, max-snippet:-1, max-image-preview:large, max-video-preview:-1\" \/>\n<link rel=\"canonical\" href=\"https:\/\/www.aitosiivous.fi\/index.php\/hinnasto\/\" \/>\n<meta property=\"og:locale\" content=\"fi_FI\" \/>\n<meta property=\"og:type\" content=\"article\" \/>\n<meta property=\"og:title\" content=\"AITOSIIVOUS | Yritys\" \/>\n<meta property=\"og:description\" content=\"Mik\u00e4 Aito Siivous? Aito Siivous on vuonna 2021 perustettu tamperelainen siivouspalveluita tuottava toiminimiyritys. Sen takana on yritt\u00e4j\u00e4, jolle siivous on intohimo. Aito Siivous on perustettu aidosti asiakasta varten! Viet\u00e4mme suurimman osan ajastamme kotona ja ty\u00f6paikoilla, joten on t\u00e4rke\u00e4\u00e4, ett\u00e4 juuri n\u00e4m\u00e4 tilat ovat mahdollisimman viihtyisi\u00e4! Olen sit\u00e4 mielt\u00e4, ett\u00e4 ihminen kokee mielens\u00e4 selke\u00e4ksi ja olonsa [&hellip;]\" \/>\n<meta property=\"og:url\" content=\"https:\/\/www.aitosiivous.fi\/index.php\/hinnasto\/\" \/>\n<meta property=\"og:site_name\" content=\"AITOSIIVOUS\" \/>\n<meta property=\"article:publisher\" content=\"https:\/\/www.facebook.com\/people\/Aitosiivous\/100074157588520\/\" \/>\n<meta property=\"article:modified_time\" content=\"2024-09-15T12:04:33+00:00\" \/>\n<meta property=\"og:image\" content=\"https:\/\/www.aitosiivous.fi\/wp-content\/uploads\/2022\/02\/AITOSIIVOUS.png\" \/>\n\t<meta property=\"og:image:width\" content=\"1748\" \/>\n\t<meta property=\"og:image:height\" content=\"828\" \/>\n\t<meta property=\"og:image:type\" content=\"image\/png\" \/>\n<meta name=\"twitter:card\" content=\"summary_large_image\" \/>\n<meta name=\"twitter:label1\" content=\"Arvioitu lukuaika\" \/>\n\t<meta name=\"twitter:data1\" content=\"1 minuutti\" \/>\n<script type=\"application\/ld+json\" class=\"yoast-schema-graph\">{\"@context\":\"https:\/\/schema.org\",\"@graph\":[{\"@type\":\"WebPage\",\"@id\":\"https:\/\/www.aitosiivous.fi\/index.php\/hinnasto\/\",\"url\":\"https:\/\/www.aitosiivous.fi\/index.php\/hinnasto\/\",\"name\":\"AITOSIIVOUS | Yritys\",\"isPartOf\":{\"@id\":\"https:\/\/www.aitosiivous.fi\/#website\"},\"datePublished\":\"2021-10-13T17:51:15+00:00\",\"dateModified\":\"2024-09-15T12:04:33+00:00\",\"breadcrumb\":{\"@id\":\"https:\/\/www.aitosiivous.fi\/index.php\/hinnasto\/#breadcrumb\"},\"inLanguage\":\"fi\",\"potentialAction\":[{\"@type\":\"ReadAction\",\"target\":[\"https:\/\/www.aitosiivous.fi\/index.php\/hinnasto\/\"]}]},{\"@type\":\"BreadcrumbList\",\"@id\":\"https:\/\/www.aitosiivous.fi\/index.php\/hinnasto\/#breadcrumb\",\"itemListElement\":[{\"@type\":\"ListItem\",\"position\":1,\"name\":\"Etusivu\",\"item\":\"https:\/\/www.aitosiivous.fi\/\"},{\"@type\":\"ListItem\",\"position\":2,\"name\":\"Yritys\"}]},{\"@type\":\"WebSite\",\"@id\":\"https:\/\/www.aitosiivous.fi\/#website\",\"url\":\"https:\/\/www.aitosiivous.fi\/\",\"name\":\"AITOSIIVOUS\",\"description\":\"\",\"publisher\":{\"@id\":\"https:\/\/www.aitosiivous.fi\/#organization\"},\"potentialAction\":[{\"@type\":\"SearchAction\",\"target\":{\"@type\":\"EntryPoint\",\"urlTemplate\":\"https:\/\/www.aitosiivous.fi\/?s={search_term_string}\"},\"query-input\":{\"@type\":\"PropertyValueSpecification\",\"valueRequired\":true,\"valueName\":\"search_term_string\"}}],\"inLanguage\":\"fi\"},{\"@type\":\"Organization\",\"@id\":\"https:\/\/www.aitosiivous.fi\/#organization\",\"name\":\"Aito Siivous\",\"url\":\"https:\/\/www.aitosiivous.fi\/\",\"logo\":{\"@type\":\"ImageObject\",\"inLanguage\":\"fi\",\"@id\":\"https:\/\/www.aitosiivous.fi\/#\/schema\/logo\/image\/\",\"url\":\"https:\/\/www.aitosiivous.fi\/wp-content\/uploads\/2022\/02\/AITOSIIVOUS.png\",\"contentUrl\":\"https:\/\/www.aitosiivous.fi\/wp-content\/uploads\/2022\/02\/AITOSIIVOUS.png\",\"width\":1748,\"height\":828,\"caption\":\"Aito Siivous\"},\"image\":{\"@id\":\"https:\/\/www.aitosiivous.fi\/#\/schema\/logo\/image\/\"},\"sameAs\":[\"https:\/\/www.facebook.com\/people\/Aitosiivous\/100074157588520\/\",\"https:\/\/www.instagram.com\/aitosiivous\/\"]}]}<\/script>\n<!-- \/ Yoast SEO plugin. -->","yoast_head_json":{"title":"AITOSIIVOUS | Yritys","robots":{"index":"index","follow":"follow","max-snippet":"max-snippet:-1","max-image-preview":"max-image-preview:large","max-video-preview":"max-video-preview:-1"},"canonical":"https:\/\/www.aitosiivous.fi\/index.php\/hinnasto\/","og_locale":"fi_FI","og_type":"article","og_title":"AITOSIIVOUS | Yritys","og_description":"Mik\u00e4 Aito Siivous? Aito Siivous on vuonna 2021 perustettu tamperelainen siivouspalveluita tuottava toiminimiyritys. Sen takana on yritt\u00e4j\u00e4, jolle siivous on intohimo. Aito Siivous on perustettu aidosti asiakasta varten! Viet\u00e4mme suurimman osan ajastamme kotona ja ty\u00f6paikoilla, joten on t\u00e4rke\u00e4\u00e4, ett\u00e4 juuri n\u00e4m\u00e4 tilat ovat mahdollisimman viihtyisi\u00e4! Olen sit\u00e4 mielt\u00e4, ett\u00e4 ihminen kokee mielens\u00e4 selke\u00e4ksi ja olonsa [&hellip;]","og_url":"https:\/\/www.aitosiivous.fi\/index.php\/hinnasto\/","og_site_name":"AITOSIIVOUS","article_publisher":"https:\/\/www.facebook.com\/people\/Aitosiivous\/100074157588520\/","article_modified_time":"2024-09-15T12:04:33+00:00","og_image":[{"width":1748,"height":828,"url":"https:\/\/www.aitosiivous.fi\/wp-content\/uploads\/2022\/02\/AITOSIIVOUS.png","type":"image\/png"}],"twitter_card":"summary_large_image","twitter_misc":{"Arvioitu lukuaika":"1 minuutti"},"schema":{"@context":"https:\/\/schema.org","@graph":[{"@type":"WebPage","@id":"https:\/\/www.aitosiivous.fi\/index.php\/hinnasto\/","url":"https:\/\/www.aitosiivous.fi\/index.php\/hinnasto\/","name":"AITOSIIVOUS | Yritys","isPartOf":{"@id":"https:\/\/www.aitosiivous.fi\/#website"},"datePublished":"2021-10-13T17:51:15+00:00","dateModified":"2024-09-15T12:04:33+00:00","breadcrumb":{"@id":"https:\/\/www.aitosiivous.fi\/index.php\/hinnasto\/#breadcrumb"},"inLanguage":"fi","potentialAction":[{"@type":"ReadAction","target":["https:\/\/www.aitosiivous.fi\/index.php\/hinnasto\/"]}]},{"@type":"BreadcrumbList","@id":"https:\/\/www.aitosiivous.fi\/index.php\/hinnasto\/#breadcrumb","itemListElement":[{"@type":"ListItem","position":1,"name":"Etusivu","item":"https:\/\/www.aitosiivous.fi\/"},{"@type":"ListItem","position":2,"name":"Yritys"}]},{"@type":"WebSite","@id":"https:\/\/www.aitosiivous.fi\/#website","url":"https:\/\/www.aitosiivous.fi\/","name":"AITOSIIVOUS","description":"","publisher":{"@id":"https:\/\/www.aitosiivous.fi\/#organization"},"potentialAction":[{"@type":"SearchAction","target":{"@type":"EntryPoint","urlTemplate":"https:\/\/www.aitosiivous.fi\/?s={search_term_string}"},"query-input":{"@type":"PropertyValueSpecification","valueRequired":true,"valueName":"search_term_string"}}],"inLanguage":"fi"},{"@type":"Organization","@id":"https:\/\/www.aitosiivous.fi\/#organization","name":"Aito Siivous","url":"https:\/\/www.aitosiivous.fi\/","logo":{"@type":"ImageObject","inLanguage":"fi","@id":"https:\/\/www.aitosiivous.fi\/#\/schema\/logo\/image\/","url":"https:\/\/www.aitosiivous.fi\/wp-content\/uploads\/2022\/02\/AITOSIIVOUS.png","contentUrl":"https:\/\/www.aitosiivous.fi\/wp-content\/uploads\/2022\/02\/AITOSIIVOUS.png","width":1748,"height":828,"caption":"Aito Siivous"},"image":{"@id":"https:\/\/www.aitosiivous.fi\/#\/schema\/logo\/image\/"},"sameAs":["https:\/\/www.facebook.com\/people\/Aitosiivous\/100074157588520\/","https:\/\/www.instagram.com\/aitosiivous\/"]}]}},"_links":{"self":[{"href":"https:\/\/www.aitosiivous.fi\/index.php\/wp-json\/wp\/v2\/pages\/184"}],"collection":[{"href":"https:\/\/www.aitosiivous.fi\/index.php\/wp-json\/wp\/v2\/pages"}],"about":[{"href":"https:\/\/www.aitosiivous.fi\/index.php\/wp-json\/wp\/v2\/types\/page"}],"author":[{"embeddable":true,"href":"https:\/\/www.aitosiivous.fi\/index.php\/wp-json\/wp\/v2\/users\/1"}],"replies":[{"embeddable":true,"href":"https:\/\/www.aitosiivous.fi\/index.php\/wp-json\/wp\/v2\/comments?post=184"}],"version-history":[{"count":54,"href":"https:\/\/www.aitosiivous.fi\/index.php\/wp-json\/wp\/v2\/pages\/184\/revisions"}],"predecessor-version":[{"id":1847,"href":"https:\/\/www.aitosiivous.fi\/index.php\/wp-json\/wp\/v2\/pages\/184\/revisions\/1847"}],"wp:attachment":[{"href":"https:\/\/www.aitosiivous.fi\/index.php\/wp-json\/wp\/v2\/media?parent=184"}],"curies":[{"name":"wp","href":"https:\/\/api.w.org\/{rel}","templated":true}]}}