{"id":177,"date":"2021-10-13T19:48:22","date_gmt":"2021-10-13T17:48:22","guid":{"rendered":"https:\/\/www.aitosiivous.fi\/?page_id=177"},"modified":"2022-02-12T17:46:42","modified_gmt":"2022-02-12T15:46:42","slug":"yhteystiedot","status":"publish","type":"page","link":"https:\/\/www.aitosiivous.fi\/index.php\/yhteystiedot\/","title":{"rendered":"Ota yhteytt\u00e4"},"content":{"rendered":"\t\t<div data-elementor-type=\"wp-page\" data-elementor-id=\"177\" class=\"elementor elementor-177\">\n\t\t\t\t\t\t<section class=\"elementor-section elementor-top-section elementor-element elementor-element-0fc9290 elementor-section-stretched elementor-section-boxed elementor-section-height-default elementor-section-height-default\" data-id=\"0fc9290\" data-element_type=\"section\" data-settings=\"{&quot;stretch_section&quot;:&quot;section-stretched&quot;,&quot;background_background&quot;:&quot;classic&quot;}\">\n\t\t\t\t\t\t\t<div class=\"elementor-background-overlay\"><\/div>\n\t\t\t\t\t\t\t<div class=\"elementor-container elementor-column-gap-default\">\n\t\t\t\t\t<div class=\"elementor-column elementor-col-100 elementor-top-column elementor-element elementor-element-d897ef0\" data-id=\"d897ef0\" data-element_type=\"column\">\n\t\t\t<div class=\"elementor-widget-wrap elementor-element-populated\">\n\t\t\t\t\t\t<div class=\"elementor-element elementor-element-ffd99f6 elementor-widget elementor-widget-heading\" data-id=\"ffd99f6\" data-element_type=\"widget\" data-widget_type=\"heading.default\">\n\t\t\t\t<div class=\"elementor-widget-container\">\n\t\t\t<h2 class=\"elementor-heading-title elementor-size-default\">Yhteydenotto<\/h2>\t\t<\/div>\n\t\t\t\t<\/div>\n\t\t\t\t\t<\/div>\n\t\t<\/div>\n\t\t\t\t\t<\/div>\n\t\t<\/section>\n\t\t\t\t<section class=\"elementor-section elementor-top-section elementor-element elementor-element-4cdd9ca elementor-section-content-middle elementor-section-stretched elementor-section-boxed elementor-section-height-default elementor-section-height-default\" data-id=\"4cdd9ca\" data-element_type=\"section\" data-settings=\"{&quot;stretch_section&quot;:&quot;section-stretched&quot;}\">\n\t\t\t\t\t\t<div class=\"elementor-container elementor-column-gap-default\">\n\t\t\t\t\t<div class=\"elementor-column elementor-col-100 elementor-top-column elementor-element elementor-element-28973e4\" data-id=\"28973e4\" data-element_type=\"column\">\n\t\t\t<div class=\"elementor-widget-wrap elementor-element-populated\">\n\t\t\t\t\t\t<div class=\"elementor-element elementor-element-ce6eba1 elementor-widget elementor-widget-text-editor\" data-id=\"ce6eba1\" data-element_type=\"widget\" data-widget_type=\"text-editor.default\">\n\t\t\t\t<div class=\"elementor-widget-container\">\n\t\t\t\t\t\t\t<h5><strong>L\u00e4het\u00e4 viesti minulle, niin vastaan <\/strong><strong>mahdollisimman pian sinulle!<\/strong><\/h5>\t\t\t\t\t\t<\/div>\n\t\t\t\t<\/div>\n\t\t\t\t<div class=\"elementor-element elementor-element-132a07c elementor-widget__width-inherit elementor-widget elementor-widget-shortcode\" data-id=\"132a07c\" data-element_type=\"widget\" data-widget_type=\"shortcode.default\">\n\t\t\t\t<div class=\"elementor-widget-container\">\n\t\t\t\t\t<div class=\"elementor-shortcode\">\n<div class=\"wpcf7 no-js\" id=\"wpcf7-f339-o1\" lang=\"fi\" dir=\"ltr\">\n<div class=\"screen-reader-response\"><p role=\"status\" aria-live=\"polite\" aria-atomic=\"true\"><\/p> <ul><\/ul><\/div>\n<form action=\"\/index.php\/wp-json\/wp\/v2\/pages\/177#wpcf7-f339-o1\" method=\"post\" class=\"wpcf7-form init\" aria-label=\"Contact form\" novalidate=\"novalidate\" data-status=\"init\">\n<div style=\"display: none;\">\n<input type=\"hidden\" name=\"_wpcf7\" value=\"339\" \/>\n<input type=\"hidden\" name=\"_wpcf7_version\" value=\"5.9.8\" \/>\n<input type=\"hidden\" name=\"_wpcf7_locale\" value=\"fi\" \/>\n<input type=\"hidden\" name=\"_wpcf7_unit_tag\" value=\"wpcf7-f339-o1\" \/>\n<input type=\"hidden\" name=\"_wpcf7_container_post\" value=\"0\" \/>\n<input type=\"hidden\" name=\"_wpcf7_posted_data_hash\" value=\"\" \/>\n<\/div>\n<p><label>\n\t\t<font face=\"Arial\" size=\"35px\">Nimi\n\t\t<\/font><br \/>\n<span class=\"wpcf7-form-control-wrap\" data-name=\"your-name\"><input size=\"40\" maxlength=\"400\" class=\"wpcf7-form-control wpcf7-text wpcf7-validates-as-required\" id=\"id_nimi\" aria-required=\"true\" aria-invalid=\"false\" value=\"\" type=\"text\" name=\"your-name\" \/><\/span> <\/label>\n<\/p>\n<p><label>\n\t\t<font face=\"Arial\" size=\"35px\">Puhelinnumero\n\t\t<\/font><br \/>\n<span class=\"wpcf7-form-control-wrap\" data-name=\"tel-230\"><input size=\"40\" maxlength=\"400\" class=\"wpcf7-form-control wpcf7-tel wpcf7-validates-as-required wpcf7-text wpcf7-validates-as-tel\" id=\"id_nro\" aria-required=\"true\" aria-invalid=\"false\" value=\"\" type=\"tel\" name=\"tel-230\" \/><\/span><\/label>\n<\/p>\n<p><label>\n\t\t<font face=\"Arial\" size=\"35px\">S\u00e4hk\u00f6postiosoite\n\t\t<\/font><br \/>\n<span class=\"wpcf7-form-control-wrap\" data-name=\"your-email\"><input size=\"40\" maxlength=\"400\" class=\"wpcf7-form-control wpcf7-email wpcf7-validates-as-required wpcf7-text wpcf7-validates-as-email\" id=\"id_email\" aria-required=\"true\" aria-invalid=\"false\" value=\"\" type=\"email\" name=\"your-email\" \/><\/span> <\/label>\n<\/p>\n<p><label>\n\t\t<font face=\"Arial\" size=\"35px\">Viesti\n\t\t<\/font><br \/>\n<span class=\"wpcf7-form-control-wrap\" data-name=\"your-message\"><textarea cols=\"40\" rows=\"10\" maxlength=\"2000\" class=\"wpcf7-form-control wpcf7-textarea\" id=\"id_viesti\" aria-invalid=\"false\" name=\"your-message\"><\/textarea><\/span> <\/label>\n<\/p>\n<p><input class=\"wpcf7-form-control wpcf7-submit has-spinner\" type=\"submit\" value=\"L\u00e4het\u00e4\" \/>\n<\/p><div class=\"wpcf7-response-output\" aria-hidden=\"true\"><\/div>\n<\/form>\n<\/div>\n<\/div>\n\t\t\t\t<\/div>\n\t\t\t\t<\/div>\n\t\t\t\t\t<\/div>\n\t\t<\/div>\n\t\t\t\t\t<\/div>\n\t\t<\/section>\n\t\t\t\t<section class=\"elementor-section elementor-top-section elementor-element elementor-element-4c66a20 elementor-section-height-min-height elementor-section-items-top elementor-section-content-top elementor-hidden-tablet elementor-hidden-mobile elementor-section-boxed elementor-section-height-default\" data-id=\"4c66a20\" data-element_type=\"section\">\n\t\t\t\t\t\t<div class=\"elementor-container elementor-column-gap-default\">\n\t\t\t\t\t<div class=\"elementor-column elementor-col-100 elementor-top-column elementor-element elementor-element-db10db0\" data-id=\"db10db0\" data-element_type=\"column\">\n\t\t\t<div class=\"elementor-widget-wrap elementor-element-populated\">\n\t\t\t\t\t\t<div class=\"elementor-element elementor-element-93ba180 elementor-widget elementor-widget-image\" data-id=\"93ba180\" data-element_type=\"widget\" data-widget_type=\"image.default\">\n\t\t\t\t<div class=\"elementor-widget-container\">\n\t\t\t\t\t\t\t\t\t\t\t\t\t<img decoding=\"async\" src=\"https:\/\/www.aitosiivous.fi\/wp-content\/uploads\/elementor\/thumbs\/profiilikuva-600-pgjhuri7hz54k6lejzo280a5rwa2i19hghbvud43k0.png\" title=\"profiilikuva 600\" alt=\"profiilikuva 600\" loading=\"lazy\" \/>\t\t\t\t\t\t\t\t\t\t\t\t\t<\/div>\n\t\t\t\t<\/div>\n\t\t\t\t\t<\/div>\n\t\t<\/div>\n\t\t\t\t\t<\/div>\n\t\t<\/section>\n\t\t\t\t<section class=\"elementor-section elementor-top-section elementor-element elementor-element-4cfd95c elementor-section-height-min-height elementor-section-items-top elementor-section-content-top elementor-hidden-desktop elementor-section-boxed elementor-section-height-default\" data-id=\"4cfd95c\" data-element_type=\"section\">\n\t\t\t\t\t\t<div class=\"elementor-container elementor-column-gap-default\">\n\t\t\t\t\t<div class=\"elementor-column elementor-col-100 elementor-top-column elementor-element elementor-element-455b7fb\" data-id=\"455b7fb\" data-element_type=\"column\">\n\t\t\t<div class=\"elementor-widget-wrap elementor-element-populated\">\n\t\t\t\t\t\t<div class=\"elementor-element elementor-element-d5d2f89 elementor-widget elementor-widget-image\" data-id=\"d5d2f89\" data-element_type=\"widget\" data-widget_type=\"image.default\">\n\t\t\t\t<div class=\"elementor-widget-container\">\n\t\t\t\t\t\t\t\t\t\t\t\t\t<img decoding=\"async\" src=\"https:\/\/www.aitosiivous.fi\/wp-content\/uploads\/elementor\/thumbs\/profiilikuva-600-pgjhuri7hz54k6lejzo280a5rwa2i19hghbvud43k0.png\" title=\"profiilikuva 600\" alt=\"profiilikuva 600\" loading=\"lazy\" \/>\t\t\t\t\t\t\t\t\t\t\t\t\t<\/div>\n\t\t\t\t<\/div>\n\t\t\t\t\t<\/div>\n\t\t<\/div>\n\t\t\t\t\t<\/div>\n\t\t<\/section>\n\t\t\t\t<section class=\"elementor-section elementor-top-section elementor-element elementor-element-daa473a elementor-section-content-top elementor-hidden-tablet elementor-hidden-mobile elementor-section-boxed elementor-section-height-default elementor-section-height-default\" data-id=\"daa473a\" data-element_type=\"section\">\n\t\t\t\t\t\t<div class=\"elementor-container elementor-column-gap-no\">\n\t\t\t\t\t<div class=\"elementor-column elementor-col-100 elementor-top-column elementor-element elementor-element-d386a17\" data-id=\"d386a17\" data-element_type=\"column\">\n\t\t\t<div class=\"elementor-widget-wrap elementor-element-populated\">\n\t\t\t\t\t\t<div class=\"elementor-element elementor-element-f2118e7 elementor-widget elementor-widget-text-editor\" data-id=\"f2118e7\" data-element_type=\"widget\" data-widget_type=\"text-editor.default\">\n\t\t\t\t<div class=\"elementor-widget-container\">\n\t\t\t\t\t\t\t<p><strong>Aino Arponen<\/strong><\/p><p><strong>Puhelin:\u00a0 044 538 9922<\/strong><\/p><p><strong>S\u00e4hk\u00f6posti: aino@aitosiivous.fi<\/strong><\/p>\t\t\t\t\t\t<\/div>\n\t\t\t\t<\/div>\n\t\t\t\t\t<\/div>\n\t\t<\/div>\n\t\t\t\t\t<\/div>\n\t\t<\/section>\n\t\t\t\t<section class=\"elementor-section elementor-top-section elementor-element elementor-element-f73c8a7 elementor-section-content-top elementor-hidden-desktop elementor-section-boxed elementor-section-height-default elementor-section-height-default\" data-id=\"f73c8a7\" data-element_type=\"section\">\n\t\t\t\t\t\t<div class=\"elementor-container elementor-column-gap-no\">\n\t\t\t\t\t<div class=\"elementor-column elementor-col-100 elementor-top-column elementor-element elementor-element-b210b5b\" data-id=\"b210b5b\" data-element_type=\"column\">\n\t\t\t<div class=\"elementor-widget-wrap elementor-element-populated\">\n\t\t\t\t\t\t<div class=\"elementor-element elementor-element-0af0569 elementor-widget elementor-widget-text-editor\" data-id=\"0af0569\" data-element_type=\"widget\" data-widget_type=\"text-editor.default\">\n\t\t\t\t<div class=\"elementor-widget-container\">\n\t\t\t\t\t\t\t<p><strong>Aino Arponen<\/strong><\/p><p><strong>Puhelin:\u00a0 044 538 9922<\/strong><\/p><p><strong>S\u00e4hk\u00f6posti: aino@aitosiivous.fi<\/strong><\/p>\t\t\t\t\t\t<\/div>\n\t\t\t\t<\/div>\n\t\t\t\t\t<\/div>\n\t\t<\/div>\n\t\t\t\t\t<\/div>\n\t\t<\/section>\n\t\t\t\t<\/div>\n\t\t","protected":false},"excerpt":{"rendered":"<p>Yhteydenotto L\u00e4het\u00e4 viesti minulle, niin vastaan mahdollisimman pian sinulle! Aino Arponen Puhelin:&nbsp; 044 538 9922 S\u00e4hk\u00f6posti: aino@aitosiivous.fi Aino Arponen Puhelin:&nbsp; 044 538 9922 S\u00e4hk\u00f6posti: aino@aitosiivous.fi<\/p>\n","protected":false},"author":1,"featured_media":0,"parent":0,"menu_order":0,"comment_status":"closed","ping_status":"closed","template":"","meta":{"footnotes":""},"class_list":["post-177","page","type-page","status-publish","hentry"],"yoast_head":"<!-- This site is optimized with the Yoast SEO plugin v23.4 - https:\/\/yoast.com\/wordpress\/plugins\/seo\/ -->\n<title>AITOSIIVOUS | Ota yhteytt\u00e4<\/title>\n<meta name=\"description\" content=\"L\u00e4het\u00e4 viesti minulle, niin vastaan mahdollisimman pian sinulle! | 044 538 9922 | aino@aitosiivous.fi\" \/>\n<meta name=\"robots\" content=\"index, follow, max-snippet:-1, max-image-preview:large, max-video-preview:-1\" \/>\n<link rel=\"canonical\" href=\"https:\/\/www.aitosiivous.fi\/index.php\/yhteystiedot\/\" \/>\n<meta property=\"og:locale\" content=\"fi_FI\" \/>\n<meta property=\"og:type\" content=\"article\" \/>\n<meta property=\"og:title\" content=\"AITOSIIVOUS | Ota yhteytt\u00e4\" \/>\n<meta property=\"og:description\" content=\"L\u00e4het\u00e4 viesti minulle, niin vastaan mahdollisimman pian sinulle! | 044 538 9922 | aino@aitosiivous.fi\" \/>\n<meta property=\"og:url\" content=\"https:\/\/www.aitosiivous.fi\/index.php\/yhteystiedot\/\" \/>\n<meta property=\"og:site_name\" content=\"AITOSIIVOUS\" \/>\n<meta property=\"article:publisher\" content=\"https:\/\/www.facebook.com\/people\/Aitosiivous\/100074157588520\/\" \/>\n<meta property=\"article:modified_time\" content=\"2022-02-12T15:46:42+00:00\" \/>\n<meta property=\"og:image\" content=\"https:\/\/www.aitosiivous.fi\/wp-content\/uploads\/elementor\/thumbs\/profiilikuva-600-pgjhuri7hz54k6lejzo280a5rwa2i19hghbvud43k0.png\" \/>\n<meta name=\"twitter:card\" content=\"summary_large_image\" \/>\n<meta name=\"twitter:label1\" content=\"Arvioitu lukuaika\" \/>\n\t<meta name=\"twitter:data1\" content=\"1 minuutti\" \/>\n<script type=\"application\/ld+json\" class=\"yoast-schema-graph\">{\"@context\":\"https:\/\/schema.org\",\"@graph\":[{\"@type\":\"WebPage\",\"@id\":\"https:\/\/www.aitosiivous.fi\/index.php\/yhteystiedot\/\",\"url\":\"https:\/\/www.aitosiivous.fi\/index.php\/yhteystiedot\/\",\"name\":\"AITOSIIVOUS | Ota yhteytt\u00e4\",\"isPartOf\":{\"@id\":\"https:\/\/www.aitosiivous.fi\/#website\"},\"primaryImageOfPage\":{\"@id\":\"https:\/\/www.aitosiivous.fi\/index.php\/yhteystiedot\/#primaryimage\"},\"image\":{\"@id\":\"https:\/\/www.aitosiivous.fi\/index.php\/yhteystiedot\/#primaryimage\"},\"thumbnailUrl\":\"https:\/\/www.aitosiivous.fi\/wp-content\/uploads\/elementor\/thumbs\/profiilikuva-600-pgjhuri7hz54k6lejzo280a5rwa2i19hghbvud43k0.png\",\"datePublished\":\"2021-10-13T17:48:22+00:00\",\"dateModified\":\"2022-02-12T15:46:42+00:00\",\"description\":\"L\u00e4het\u00e4 viesti minulle, niin vastaan mahdollisimman pian sinulle! | 044 538 9922 | aino@aitosiivous.fi\",\"breadcrumb\":{\"@id\":\"https:\/\/www.aitosiivous.fi\/index.php\/yhteystiedot\/#breadcrumb\"},\"inLanguage\":\"fi\",\"potentialAction\":[{\"@type\":\"ReadAction\",\"target\":[\"https:\/\/www.aitosiivous.fi\/index.php\/yhteystiedot\/\"]}]},{\"@type\":\"ImageObject\",\"inLanguage\":\"fi\",\"@id\":\"https:\/\/www.aitosiivous.fi\/index.php\/yhteystiedot\/#primaryimage\",\"url\":\"https:\/\/www.aitosiivous.fi\/wp-content\/uploads\/elementor\/thumbs\/profiilikuva-600-pgjhuri7hz54k6lejzo280a5rwa2i19hghbvud43k0.png\",\"contentUrl\":\"https:\/\/www.aitosiivous.fi\/wp-content\/uploads\/elementor\/thumbs\/profiilikuva-600-pgjhuri7hz54k6lejzo280a5rwa2i19hghbvud43k0.png\"},{\"@type\":\"BreadcrumbList\",\"@id\":\"https:\/\/www.aitosiivous.fi\/index.php\/yhteystiedot\/#breadcrumb\",\"itemListElement\":[{\"@type\":\"ListItem\",\"position\":1,\"name\":\"Etusivu\",\"item\":\"https:\/\/www.aitosiivous.fi\/\"},{\"@type\":\"ListItem\",\"position\":2,\"name\":\"Ota yhteytt\u00e4\"}]},{\"@type\":\"WebSite\",\"@id\":\"https:\/\/www.aitosiivous.fi\/#website\",\"url\":\"https:\/\/www.aitosiivous.fi\/\",\"name\":\"AITOSIIVOUS\",\"description\":\"\",\"publisher\":{\"@id\":\"https:\/\/www.aitosiivous.fi\/#organization\"},\"potentialAction\":[{\"@type\":\"SearchAction\",\"target\":{\"@type\":\"EntryPoint\",\"urlTemplate\":\"https:\/\/www.aitosiivous.fi\/?s={search_term_string}\"},\"query-input\":{\"@type\":\"PropertyValueSpecification\",\"valueRequired\":true,\"valueName\":\"search_term_string\"}}],\"inLanguage\":\"fi\"},{\"@type\":\"Organization\",\"@id\":\"https:\/\/www.aitosiivous.fi\/#organization\",\"name\":\"Aito Siivous\",\"url\":\"https:\/\/www.aitosiivous.fi\/\",\"logo\":{\"@type\":\"ImageObject\",\"inLanguage\":\"fi\",\"@id\":\"https:\/\/www.aitosiivous.fi\/#\/schema\/logo\/image\/\",\"url\":\"https:\/\/www.aitosiivous.fi\/wp-content\/uploads\/2022\/02\/AITOSIIVOUS.png\",\"contentUrl\":\"https:\/\/www.aitosiivous.fi\/wp-content\/uploads\/2022\/02\/AITOSIIVOUS.png\",\"width\":1748,\"height\":828,\"caption\":\"Aito Siivous\"},\"image\":{\"@id\":\"https:\/\/www.aitosiivous.fi\/#\/schema\/logo\/image\/\"},\"sameAs\":[\"https:\/\/www.facebook.com\/people\/Aitosiivous\/100074157588520\/\",\"https:\/\/www.instagram.com\/aitosiivous\/\"]}]}<\/script>\n<!-- \/ Yoast SEO plugin. -->","yoast_head_json":{"title":"AITOSIIVOUS | Ota yhteytt\u00e4","description":"L\u00e4het\u00e4 viesti minulle, niin vastaan mahdollisimman pian sinulle! | 044 538 9922 | aino@aitosiivous.fi","robots":{"index":"index","follow":"follow","max-snippet":"max-snippet:-1","max-image-preview":"max-image-preview:large","max-video-preview":"max-video-preview:-1"},"canonical":"https:\/\/www.aitosiivous.fi\/index.php\/yhteystiedot\/","og_locale":"fi_FI","og_type":"article","og_title":"AITOSIIVOUS | Ota yhteytt\u00e4","og_description":"L\u00e4het\u00e4 viesti minulle, niin vastaan mahdollisimman pian sinulle! | 044 538 9922 | aino@aitosiivous.fi","og_url":"https:\/\/www.aitosiivous.fi\/index.php\/yhteystiedot\/","og_site_name":"AITOSIIVOUS","article_publisher":"https:\/\/www.facebook.com\/people\/Aitosiivous\/100074157588520\/","article_modified_time":"2022-02-12T15:46:42+00:00","og_image":[{"url":"https:\/\/www.aitosiivous.fi\/wp-content\/uploads\/elementor\/thumbs\/profiilikuva-600-pgjhuri7hz54k6lejzo280a5rwa2i19hghbvud43k0.png"}],"twitter_card":"summary_large_image","twitter_misc":{"Arvioitu lukuaika":"1 minuutti"},"schema":{"@context":"https:\/\/schema.org","@graph":[{"@type":"WebPage","@id":"https:\/\/www.aitosiivous.fi\/index.php\/yhteystiedot\/","url":"https:\/\/www.aitosiivous.fi\/index.php\/yhteystiedot\/","name":"AITOSIIVOUS | Ota yhteytt\u00e4","isPartOf":{"@id":"https:\/\/www.aitosiivous.fi\/#website"},"primaryImageOfPage":{"@id":"https:\/\/www.aitosiivous.fi\/index.php\/yhteystiedot\/#primaryimage"},"image":{"@id":"https:\/\/www.aitosiivous.fi\/index.php\/yhteystiedot\/#primaryimage"},"thumbnailUrl":"https:\/\/www.aitosiivous.fi\/wp-content\/uploads\/elementor\/thumbs\/profiilikuva-600-pgjhuri7hz54k6lejzo280a5rwa2i19hghbvud43k0.png","datePublished":"2021-10-13T17:48:22+00:00","dateModified":"2022-02-12T15:46:42+00:00","description":"L\u00e4het\u00e4 viesti minulle, niin vastaan mahdollisimman pian sinulle! | 044 538 9922 | aino@aitosiivous.fi","breadcrumb":{"@id":"https:\/\/www.aitosiivous.fi\/index.php\/yhteystiedot\/#breadcrumb"},"inLanguage":"fi","potentialAction":[{"@type":"ReadAction","target":["https:\/\/www.aitosiivous.fi\/index.php\/yhteystiedot\/"]}]},{"@type":"ImageObject","inLanguage":"fi","@id":"https:\/\/www.aitosiivous.fi\/index.php\/yhteystiedot\/#primaryimage","url":"https:\/\/www.aitosiivous.fi\/wp-content\/uploads\/elementor\/thumbs\/profiilikuva-600-pgjhuri7hz54k6lejzo280a5rwa2i19hghbvud43k0.png","contentUrl":"https:\/\/www.aitosiivous.fi\/wp-content\/uploads\/elementor\/thumbs\/profiilikuva-600-pgjhuri7hz54k6lejzo280a5rwa2i19hghbvud43k0.png"},{"@type":"BreadcrumbList","@id":"https:\/\/www.aitosiivous.fi\/index.php\/yhteystiedot\/#breadcrumb","itemListElement":[{"@type":"ListItem","position":1,"name":"Etusivu","item":"https:\/\/www.aitosiivous.fi\/"},{"@type":"ListItem","position":2,"name":"Ota yhteytt\u00e4"}]},{"@type":"WebSite","@id":"https:\/\/www.aitosiivous.fi\/#website","url":"https:\/\/www.aitosiivous.fi\/","name":"AITOSIIVOUS","description":"","publisher":{"@id":"https:\/\/www.aitosiivous.fi\/#organization"},"potentialAction":[{"@type":"SearchAction","target":{"@type":"EntryPoint","urlTemplate":"https:\/\/www.aitosiivous.fi\/?s={search_term_string}"},"query-input":{"@type":"PropertyValueSpecification","valueRequired":true,"valueName":"search_term_string"}}],"inLanguage":"fi"},{"@type":"Organization","@id":"https:\/\/www.aitosiivous.fi\/#organization","name":"Aito Siivous","url":"https:\/\/www.aitosiivous.fi\/","logo":{"@type":"ImageObject","inLanguage":"fi","@id":"https:\/\/www.aitosiivous.fi\/#\/schema\/logo\/image\/","url":"https:\/\/www.aitosiivous.fi\/wp-content\/uploads\/2022\/02\/AITOSIIVOUS.png","contentUrl":"https:\/\/www.aitosiivous.fi\/wp-content\/uploads\/2022\/02\/AITOSIIVOUS.png","width":1748,"height":828,"caption":"Aito Siivous"},"image":{"@id":"https:\/\/www.aitosiivous.fi\/#\/schema\/logo\/image\/"},"sameAs":["https:\/\/www.facebook.com\/people\/Aitosiivous\/100074157588520\/","https:\/\/www.instagram.com\/aitosiivous\/"]}]}},"_links":{"self":[{"href":"https:\/\/www.aitosiivous.fi\/index.php\/wp-json\/wp\/v2\/pages\/177"}],"collection":[{"href":"https:\/\/www.aitosiivous.fi\/index.php\/wp-json\/wp\/v2\/pages"}],"about":[{"href":"https:\/\/www.aitosiivous.fi\/index.php\/wp-json\/wp\/v2\/types\/page"}],"author":[{"embeddable":true,"href":"https:\/\/www.aitosiivous.fi\/index.php\/wp-json\/wp\/v2\/users\/1"}],"replies":[{"embeddable":true,"href":"https:\/\/www.aitosiivous.fi\/index.php\/wp-json\/wp\/v2\/comments?post=177"}],"version-history":[{"count":232,"href":"https:\/\/www.aitosiivous.fi\/index.php\/wp-json\/wp\/v2\/pages\/177\/revisions"}],"predecessor-version":[{"id":1822,"href":"https:\/\/www.aitosiivous.fi\/index.php\/wp-json\/wp\/v2\/pages\/177\/revisions\/1822"}],"wp:attachment":[{"href":"https:\/\/www.aitosiivous.fi\/index.php\/wp-json\/wp\/v2\/media?parent=177"}],"curies":[{"name":"wp","href":"https:\/\/api.w.org\/{rel}","templated":true}]}}